{"id":300,"date":"2026-03-19T11:45:44","date_gmt":"2026-03-19T15:45:44","guid":{"rendered":"https:\/\/thecamvoxtimes.us\/acerca-de\/"},"modified":"2026-03-19T11:45:44","modified_gmt":"2026-03-19T15:45:44","slug":"acerca-de","status":"publish","type":"page","link":"https:\/\/thecamvoxtimes.us\/es\/acerca-de\/","title":{"rendered":"Acerca de"},"content":{"rendered":"<p><strong>Soy el Dr. Julius BABILA TAKA, autor e investigador centrado en la gobernanza, la lucha contra la corrupci\u00f3n y la econom\u00eda pol\u00edtica de la eficacia estatal en \u00c1frica. Mi trabajo examina por qu\u00e9 fracasan las reformas y qu\u00e9 se necesita para dise\u00f1ar instituciones que funcionen en la pr\u00e1ctica.<\/strong><\/p>\n<p><strong>The CamVox Times<\/strong> es una plataforma biling\u00fce (ingl\u00e9s-franc\u00e9s) de noticias y an\u00e1lisis comprometida con la verdad, la integridad y la unidad nacional. Fundado por <strong>el Dr. Julius Babila Taka<\/strong>, polit\u00f3logo estadounidense de origen camerun\u00e9s y ejecutivo de medios, The CamVox Times se erige como la publicaci\u00f3n insignia de <strong>CamVoxMedia Group<\/strong>, LLC (EE. UU.) y <strong>CamVoxMedia Group<\/strong>, SARL (Camer\u00fan).<\/p>\n<p>Existimos para informar, inspirar e influir en el di\u00e1logo p\u00fablico a trav\u00e9s de un periodismo responsable, an\u00e1lisis basados en hechos y un debate pol\u00edtico constructivo. Nuestra redacci\u00f3n se gu\u00eda por la convicci\u00f3n de que la informaci\u00f3n cre\u00edble es el fundamento de la paz, la democracia y el desarrollo sostenible.<\/p>\n<p>Desde nuestras mesas de redacci\u00f3n en <strong>Washington, D.C.<\/strong>, <strong>Yaund\u00e9<\/strong> y <strong>Limbe<\/strong>, cubrimos temas nacionales y globales que configuran el futuro de Camer\u00fan: pol\u00edtica, gobernanza, liderazgo, cultura, empoderamiento juvenil y participaci\u00f3n de la di\u00e1spora.<\/p>\n<p>En The CamVox Times, creemos que el periodismo no se trata solo de dar noticias, sino de construir naciones. Nuestra misi\u00f3n es <strong>tender puentes entre los ciudadanos y los responsables de la toma de decisiones<\/strong>, amplificar las voces subrepresentadas y promover la unidad a trav\u00e9s de informes equilibrados y perspectivas informadas.<\/p>\n<p><strong>The CamVox Times<\/strong> es m\u00e1s que un peri\u00f3dico; es un movimiento por la comunicaci\u00f3n responsable, la educaci\u00f3n c\u00edvica y el renacimiento de \u00c1frica a trav\u00e9s de medios impulsados por la verdad.<\/p>\n<p>&nbsp;<\/p>\n<h1>Nuestra misi\u00f3n<\/h1>\n<p>Conectamos voces e ideas para fomentar la paz, la unidad y la rendici\u00f3n de cuentas. Nuestra misi\u00f3n es promover <strong>la verdad, la paz y el progreso<\/strong> a trav\u00e9s del periodismo responsable y la educaci\u00f3n c\u00edvica.<\/p>\n<p><strong>The CamVox Times<\/strong> busca empoderar a los ciudadanos con informaci\u00f3n precisa, amplificar voces cre\u00edbles a trav\u00e9s de las divisiones pol\u00edticas y culturales, y fomentar un di\u00e1logo que fortalezca la democracia y la unidad nacional.<\/p>\n<p>Estamos comprometidos con la excelencia period\u00edstica, la \u00e9tica informativa y el uso de tecnolog\u00edas de medios modernas para llegar a lectores en Camer\u00fan, \u00c1frica y la di\u00e1spora global. Un profundo respeto por los hechos, la humanidad y el futuro colectivo de nuestra naci\u00f3n gu\u00eda cada historia que contamos, mientras nos esforzamos por mejorar la comunicaci\u00f3n en toda \u00c1frica.<\/p>\n","protected":false},"excerpt":{"rendered":"<p>Soy el Dr. Julius BABILA TAKA, autor e investigador centrado en la gobernanza, la lucha contra la corrupci\u00f3n y la econom\u00eda pol\u00edtica de la eficacia estatal en \u00c1frica. Mi trabajo examina por qu\u00e9 fracasan las reformas y qu\u00e9 se necesita para dise\u00f1ar instituciones que funcionen en la pr\u00e1ctica. The CamVox Times es una plataforma biling\u00fce [&hellip;]<\/p>\n","protected":false},"author":1,"featured_media":0,"parent":0,"menu_order":0,"comment_status":"closed","ping_status":"closed","template":"page-templates\/about.php","meta":{"_acf_changed":false,"footnotes":""},"class_list":["post-300","page","type-page","status-publish","hentry"],"acf":[],"_links":{"self":[{"href":"https:\/\/thecamvoxtimes.us\/es\/wp-json\/wp\/v2\/pages\/300","targetHints":{"allow":["GET"]}}],"collection":[{"href":"https:\/\/thecamvoxtimes.us\/es\/wp-json\/wp\/v2\/pages"}],"about":[{"href":"https:\/\/thecamvoxtimes.us\/es\/wp-json\/wp\/v2\/types\/page"}],"author":[{"embeddable":true,"href":"https:\/\/thecamvoxtimes.us\/es\/wp-json\/wp\/v2\/users\/1"}],"replies":[{"embeddable":true,"href":"https:\/\/thecamvoxtimes.us\/es\/wp-json\/wp\/v2\/comments?post=300"}],"version-history":[{"count":0,"href":"https:\/\/thecamvoxtimes.us\/es\/wp-json\/wp\/v2\/pages\/300\/revisions"}],"wp:attachment":[{"href":"https:\/\/thecamvoxtimes.us\/es\/wp-json\/wp\/v2\/media?parent=300"}],"curies":[{"name":"wp","href":"https:\/\/api.w.org\/{rel}","templated":true}]}}