{"id":312,"date":"2026-03-27T06:50:26","date_gmt":"2026-03-27T10:50:26","guid":{"rendered":"https:\/\/thecamvoxtimes.us\/politica-de-reembolso-y-devoluciones\/"},"modified":"2026-05-12T06:31:40","modified_gmt":"2026-05-12T10:31:40","slug":"politica-de-reembolso-y-devoluciones","status":"publish","type":"page","link":"https:\/\/thecamvoxtimes.us\/es\/politica-de-reembolso-y-devoluciones\/","title":{"rendered":"Pol\u00edtica de Reembolso y Devoluciones"},"content":{"rendered":"\n<p><b>Esta es una p\u00e1gina de ejemplo.<\/b><\/p>\n\n<h2 class=\"wp-block-heading\">Resumen<\/h2>\n\n<p>Nuestra pol\u00edtica de reembolso y devoluciones tiene una duraci\u00f3n de 30 d\u00edas. Si han transcurrido 30 d\u00edas desde su compra, no podemos ofrecerle un reembolso completo ni un cambio. <\/p>\n\n<p>Para ser elegible para una devoluci\u00f3n, su art\u00edculo debe estar sin usar y en las mismas condiciones en que lo recibi\u00f3. Tambi\u00e9n debe estar en su embalaje original. <\/p>\n\n<p>Varios tipos de productos est\u00e1n exentos de devoluci\u00f3n. No se pueden devolver productos perecederos como alimentos, flores, peri\u00f3dicos o revistas. Tampoco aceptamos productos \u00edntimos o sanitarios, materiales peligrosos, ni l\u00edquidos o gases inflamables.  <\/p>\n\n<p>Art\u00edculos adicionales no retornables:<\/p>\n\n<ul class=\"wp-block-list\">\n<li>Tarjetas regalo<\/li>\n<li>Productos de software descargables<\/li>\n<li>Algunos art\u00edculos de salud e higiene personal<\/li>\n<\/ul>\n\n<p>Para completar su devoluci\u00f3n, requerimos un recibo o prueba de compra.<\/p>\n\n<p>Por favor, no env\u00ede su compra de vuelta al fabricante.<\/p>\n\n<p>Hay ciertas situaciones en las que solo se conceden reembolsos parciales:<\/p>\n\n<ul class=\"wp-block-list\">\n<li>Libro con signos evidentes de uso<\/li>\n<li>CD, DVD, cinta VHS, software, videojuego, casete o disco de vinilo que haya sido abierto.<\/li>\n<li>Cualquier art\u00edculo que no est\u00e9 en su estado original, est\u00e9 da\u00f1ado o le falten piezas por razones no atribuibles a nuestro error.<\/li>\n<li>Cualquier art\u00edculo que se devuelva m\u00e1s de 30 d\u00edas despu\u00e9s de la entrega<\/li>\n<\/ul>\n\n<h2 class=\"wp-block-heading\">Reembolsos<\/h2>\n\n<p>Una vez que recibamos e inspeccionemos su devoluci\u00f3n, le enviaremos un correo electr\u00f3nico para notificarle que hemos recibido su art\u00edculo devuelto. Tambi\u00e9n le notificaremos la aprobaci\u00f3n o el rechazo de su reembolso. <\/p>\n\n<p>Si se aprueba, su reembolso ser\u00e1 procesado y se aplicar\u00e1 autom\u00e1ticamente un cr\u00e9dito a su tarjeta de cr\u00e9dito o m\u00e9todo de pago original, en un plazo determinado de d\u00edas.<\/p>\n\n<h3 class=\"wp-block-heading\">Reembolsos tard\u00edos o faltantes<\/h3>\n\n<p>Si a\u00fan no ha recibido un reembolso, primero revise su cuenta bancaria de nuevo.<\/p>\n\n<p>Luego, p\u00f3ngase en contacto con la compa\u00f1\u00eda de su tarjeta de cr\u00e9dito; puede que tarde alg\u00fan tiempo antes de que su reembolso se publique oficialmente.<\/p>\n\n<p>A continuaci\u00f3n, p\u00f3ngase en contacto con su banco. A menudo hay un tiempo de procesamiento antes de que se publique un reembolso. <\/p>\n\n<p>Si ha hecho todo esto y a\u00fan no ha recibido su reembolso, por favor, p\u00f3ngase en contacto con nosotros en {email address}.<\/p>\n\n<h3 class=\"wp-block-heading\">Art\u00edculos en oferta<\/h3>\n\n<p>Solo los art\u00edculos con precio regular pueden ser reembolsados. Los art\u00edculos en oferta no son reembolsables. <\/p>\n\n<h2 class=\"wp-block-heading\">Cambios<\/h2>\n\n<p>Solo reemplazamos art\u00edculos si est\u00e1n defectuosos o da\u00f1ados. Si necesita cambiarlo por el mismo art\u00edculo, env\u00edenos un correo electr\u00f3nico a {email address} y env\u00ede su art\u00edculo a: {physical address}. <\/p>\n\n<h2 class=\"wp-block-heading\">Regalos<\/h2>\n\n<p>Si el art\u00edculo fue marcado como regalo al comprarlo y se le envi\u00f3 directamente, recibir\u00e1 un cr\u00e9dito de regalo por el valor de su devoluci\u00f3n. Una vez recibido el art\u00edculo devuelto, se le enviar\u00e1 un certificado de regalo por correo. <\/p>\n\n<p>Si el art\u00edculo no fue marcado como regalo al comprarlo, o el remitente del regalo hizo que el pedido se le enviara a s\u00ed mismo para d\u00e1rselo a usted m\u00e1s tarde, enviaremos un reembolso al remitente del regalo y este se enterar\u00e1 de su devoluci\u00f3n.<\/p>\n\n<h2 class=\"wp-block-heading\">Env\u00edo de devoluciones<\/h2>\n\n<p>Para devolver su producto, debe enviarlo por correo a: {physical address}.<\/p>\n\n<p>Usted ser\u00e1 responsable de pagar sus propios gastos de env\u00edo para devolver su art\u00edculo. Los gastos de env\u00edo no son reembolsables. Si recibe un reembolso, el coste del env\u00edo de devoluci\u00f3n se deducir\u00e1 de su reembolso.  <\/p>\n\n<p>Dependiendo de d\u00f3nde viva, el tiempo que tarde en llegarle su producto cambiado puede variar.<\/p>\n\n<p>Si va a devolver art\u00edculos m\u00e1s caros, puede considerar usar un servicio de env\u00edo con seguimiento o contratar un seguro de env\u00edo. No garantizamos que recibiremos su art\u00edculo devuelto. <\/p>\n\n<h2 class=\"wp-block-heading\">\u00bfNecesita ayuda?<\/h2>\n\n<p>P\u00f3ngase en contacto con nosotros en {email} para preguntas relacionadas con reembolsos y devoluciones.<\/p>\n","protected":false},"excerpt":{"rendered":"<p>Esta es una p\u00e1gina de ejemplo. Resumen Nuestra pol\u00edtica de reembolso y devoluciones tiene una duraci\u00f3n de 30 d\u00edas. Si han transcurrido 30 d\u00edas desde su compra, no podemos ofrecerle un reembolso completo ni un cambio. Para ser elegible para una devoluci\u00f3n, su art\u00edculo debe estar sin usar y en las mismas condiciones en que [&hellip;]<\/p>\n","protected":false},"author":1,"featured_media":0,"parent":0,"menu_order":0,"comment_status":"closed","ping_status":"closed","template":"","meta":{"_acf_changed":false,"footnotes":""},"class_list":["post-312","page","type-page","status-publish","hentry"],"acf":[],"_links":{"self":[{"href":"https:\/\/thecamvoxtimes.us\/es\/wp-json\/wp\/v2\/pages\/312","targetHints":{"allow":["GET"]}}],"collection":[{"href":"https:\/\/thecamvoxtimes.us\/es\/wp-json\/wp\/v2\/pages"}],"about":[{"href":"https:\/\/thecamvoxtimes.us\/es\/wp-json\/wp\/v2\/types\/page"}],"author":[{"embeddable":true,"href":"https:\/\/thecamvoxtimes.us\/es\/wp-json\/wp\/v2\/users\/1"}],"replies":[{"embeddable":true,"href":"https:\/\/thecamvoxtimes.us\/es\/wp-json\/wp\/v2\/comments?post=312"}],"version-history":[{"count":1,"href":"https:\/\/thecamvoxtimes.us\/es\/wp-json\/wp\/v2\/pages\/312\/revisions"}],"predecessor-version":[{"id":313,"href":"https:\/\/thecamvoxtimes.us\/es\/wp-json\/wp\/v2\/pages\/312\/revisions\/313"}],"wp:attachment":[{"href":"https:\/\/thecamvoxtimes.us\/es\/wp-json\/wp\/v2\/media?parent=312"}],"curies":[{"name":"wp","href":"https:\/\/api.w.org\/{rel}","templated":true}]}}