{"id":296,"date":"2026-03-19T11:45:44","date_gmt":"2026-03-19T15:45:44","guid":{"rendered":"https:\/\/thecamvoxtimes.us\/a-propos\/"},"modified":"2026-03-19T11:45:44","modified_gmt":"2026-03-19T15:45:44","slug":"a-propos","status":"publish","type":"page","link":"https:\/\/thecamvoxtimes.us\/fr\/a-propos\/","title":{"rendered":"\u00c0 propos"},"content":{"rendered":"<p><strong>Je suis Dr Julius BABILA TAKA, auteur et chercheur sp\u00e9cialis\u00e9 dans la gouvernance, la lutte contre la corruption et l&rsquo;\u00e9conomie politique de l&rsquo;efficacit\u00e9 de l&rsquo;\u00c9tat en Afrique. Mon travail examine pourquoi les r\u00e9formes \u00e9chouent et ce qu&rsquo;il faut pour concevoir des institutions qui fonctionnent dans la pratique<\/strong><\/p>\n<p><strong>The CamVox Times<\/strong> est une plateforme d&rsquo;information et d&rsquo;analyse bilingue (anglais-fran\u00e7ais) engag\u00e9e en faveur de la v\u00e9rit\u00e9, de l&rsquo;int\u00e9grit\u00e9 et de l&rsquo;unit\u00e9 nationale. Fond\u00e9 par <strong>Dr Julius Babila Taka<\/strong>, politologue am\u00e9ricain d&rsquo;origine camerounaise et dirigeant de m\u00e9dias, The CamVox Times est la publication phare de <strong>CamVoxMedia Group<\/strong>, LLC (\u00c9tats-Unis) et de <strong>CamVoxMedia Group<\/strong>, SARL (Cameroun).<\/p>\n<p>Nous existons pour informer, inspirer et influencer le dialogue public par un journalisme responsable, une analyse fond\u00e9e sur les faits et un d\u00e9bat politique constructif. Notre r\u00e9daction est anim\u00e9e par la conviction qu&rsquo;une information cr\u00e9dible constitue le fondement de la paix, de la d\u00e9mocratie et du d\u00e9veloppement durable.<\/p>\n<p>Depuis nos bureaux de r\u00e9daction \u00e0 <strong>Washington, D.C.<\/strong>, <strong>Yaound\u00e9<\/strong> et <strong>Limb\u00e9<\/strong>, nous couvrons les questions nationales et mondiales qui fa\u00e7onnent l&rsquo;avenir du Cameroun : politique, gouvernance, leadership, culture, autonomisation de la jeunesse et engagement de la diaspora.<\/p>\n<p>Au CamVox Times, nous croyons que le journalisme ne consiste pas simplement \u00e0 diffuser des nouvelles, mais \u00e0 b\u00e2tir des nations. Notre mission est de <strong>combler le foss\u00e9 entre les citoyens et les d\u00e9cideurs<\/strong>, d&rsquo;amplifier les voix sous-repr\u00e9sent\u00e9es et de promouvoir l&rsquo;unit\u00e9 par un reportage \u00e9quilibr\u00e9 et des perspectives \u00e9clair\u00e9es.<\/p>\n<p><strong>The CamVox Times<\/strong> est plus qu&rsquo;un journal ; c&rsquo;est un mouvement pour une communication responsable, l&rsquo;\u00e9ducation civique et la renaissance de l&rsquo;Afrique par des m\u00e9dias guid\u00e9s par la v\u00e9rit\u00e9.<\/p>\n<p>&nbsp;<\/p>\n<h1>Notre mission<\/h1>\n<p>Nous relions les voix et les id\u00e9es pour favoriser la paix, l&rsquo;unit\u00e9 et la responsabilit\u00e9. Notre mission est de promouvoir <strong>la v\u00e9rit\u00e9, la paix et le progr\u00e8s<\/strong> par un journalisme responsable et l&rsquo;\u00e9ducation civique.<\/p>\n<p><strong>The CamVox Times<\/strong> cherche \u00e0 donner aux citoyens les moyens d&rsquo;acc\u00e9der \u00e0 une information exacte, \u00e0 amplifier les voix cr\u00e9dibles au-del\u00e0 des clivages politiques et culturels, et \u00e0 favoriser un dialogue qui renforce la d\u00e9mocratie et l&rsquo;unit\u00e9 nationale.<\/p>\n<p>Nous sommes engag\u00e9s en faveur de l&rsquo;excellence journalistique, d&rsquo;un reportage \u00e9thique et de l&rsquo;utilisation des technologies m\u00e9diatiques modernes pour atteindre les lecteurs au Cameroun, en Afrique et dans la diaspora mondiale. Un profond respect des faits, de l&rsquo;humanit\u00e9 et de l&rsquo;avenir collectif de notre nation guide chaque histoire que nous racontons, alors que nous nous effor\u00e7ons d&rsquo;am\u00e9liorer la communication \u00e0 travers l&rsquo;Afrique.<\/p>\n","protected":false},"excerpt":{"rendered":"<p>Je suis Dr Julius BABILA TAKA, auteur et chercheur sp\u00e9cialis\u00e9 dans la gouvernance, la lutte contre la corruption et l&rsquo;\u00e9conomie politique de l&rsquo;efficacit\u00e9 de l&rsquo;\u00c9tat en Afrique. Mon travail examine pourquoi les r\u00e9formes \u00e9chouent et ce qu&rsquo;il faut pour concevoir des institutions qui fonctionnent dans la pratique The CamVox Times est une plateforme d&rsquo;information et [&hellip;]<\/p>\n","protected":false},"author":1,"featured_media":0,"parent":0,"menu_order":0,"comment_status":"closed","ping_status":"closed","template":"page-templates\/about.php","meta":{"_acf_changed":false,"footnotes":""},"class_list":["post-296","page","type-page","status-publish","hentry"],"acf":[],"_links":{"self":[{"href":"https:\/\/thecamvoxtimes.us\/fr\/wp-json\/wp\/v2\/pages\/296","targetHints":{"allow":["GET"]}}],"collection":[{"href":"https:\/\/thecamvoxtimes.us\/fr\/wp-json\/wp\/v2\/pages"}],"about":[{"href":"https:\/\/thecamvoxtimes.us\/fr\/wp-json\/wp\/v2\/types\/page"}],"author":[{"embeddable":true,"href":"https:\/\/thecamvoxtimes.us\/fr\/wp-json\/wp\/v2\/users\/1"}],"replies":[{"embeddable":true,"href":"https:\/\/thecamvoxtimes.us\/fr\/wp-json\/wp\/v2\/comments?post=296"}],"version-history":[{"count":0,"href":"https:\/\/thecamvoxtimes.us\/fr\/wp-json\/wp\/v2\/pages\/296\/revisions"}],"wp:attachment":[{"href":"https:\/\/thecamvoxtimes.us\/fr\/wp-json\/wp\/v2\/media?parent=296"}],"curies":[{"name":"wp","href":"https:\/\/api.w.org\/{rel}","templated":true}]}}